{"id":3045,"date":"2019-02-23T12:20:50","date_gmt":"2019-02-28T11:20:50","guid":{"rendered":"http:\/\/www.kundalini.it\/prodotto\/tua\/"},"modified":"2024-03-27T15:19:34","modified_gmt":"2024-03-27T14:19:34","slug":"tua","status":"publish","type":"product","link":"https:\/\/kdln.it\/de\/prodotto\/tua\/","title":{"rendered":"Tua"},"content":{"rendered":"<p>Wandleuchte. K\u00f6rper aus Metall mit Oberfl\u00e4che aus schwarzem Zinn oder Fl\u00fcssigbeschichtung, Diffusoren aus ge\u00e4tztem Glas.<\/p>\n","protected":false},"excerpt":{"rendered":"<p>Wandleuchte. K\u00f6rper aus Metall mit Oberfl\u00e4che aus schwarzem Zinn oder Fl\u00fcssigbeschichtung, Diffusoren aus ge\u00e4tztem Glas. [&#8230;]<\/p>\n<p><a class=\"btn btn-secondary understrap-read-more-link\" href=\"https:\/\/kdln.it\/de\/prodotto\/tua\/\">Weiterlesen&#8230;<\/a><\/p>\n","protected":false},"featured_media":51297,"template":"","meta":[],"product_brand":[],"product_cat":[407],"product_tag":[1525,1526],"class_list":{"0":"post-3045","1":"product","2":"type-product","3":"status-publish","4":"has-post-thumbnail","6":"product_cat-wand","7":"product_tag-ce-de","8":"product_tag-eac-de","10":"first","11":"instock","12":"shipping-taxable","13":"product-type-variable"},"_links":{"self":[{"href":"https:\/\/kdln.it\/de\/wp-json\/wp\/v2\/product\/3045","targetHints":{"allow":["GET"]}}],"collection":[{"href":"https:\/\/kdln.it\/de\/wp-json\/wp\/v2\/product"}],"about":[{"href":"https:\/\/kdln.it\/de\/wp-json\/wp\/v2\/types\/product"}],"wp:featuredmedia":[{"embeddable":true,"href":"https:\/\/kdln.it\/de\/wp-json\/wp\/v2\/media\/51297"}],"wp:attachment":[{"href":"https:\/\/kdln.it\/de\/wp-json\/wp\/v2\/media?parent=3045"}],"wp:term":[{"taxonomy":"product_brand","embeddable":true,"href":"https:\/\/kdln.it\/de\/wp-json\/wp\/v2\/product_brand?post=3045"},{"taxonomy":"product_cat","embeddable":true,"href":"https:\/\/kdln.it\/de\/wp-json\/wp\/v2\/product_cat?post=3045"},{"taxonomy":"product_tag","embeddable":true,"href":"https:\/\/kdln.it\/de\/wp-json\/wp\/v2\/product_tag?post=3045"}],"curies":[{"name":"wp","href":"https:\/\/api.w.org\/{rel}","templated":true}]}}