{"id":1054,"date":"2019-03-11T15:34:03","date_gmt":"2019-03-11T15:34:03","guid":{"rendered":"https:\/\/new-version.kdln.it\/prodotto\/lanna-suspension-2\/"},"modified":"2019-03-11T15:34:03","modified_gmt":"2019-03-11T15:34:03","slug":"lanna-suspension","status":"publish","type":"product","link":"https:\/\/kdln.it\/en\/product\/lanna-suspension\/","title":{"rendered":"Lann\u00e0 suspension"},"content":{"rendered":"<p>Lampe \u00e0 suspension. Diffuseur en verre opalin souffl\u00e9 double couche. Structure en m\u00e9tal verni.<\/p>\n","protected":false},"excerpt":{"rendered":"<p>Lampe \u00e0 suspension. Diffuseur en verre opalin souffl\u00e9 double couche. Structure en m\u00e9tal verni.<\/p>\n","protected":false},"featured_media":163464,"comment_status":"closed","ping_status":"closed","template":"","meta":{"_acf_changed":false},"product_brand":[],"product_cat":[79],"product_tag":[81,82,83],"class_list":{"0":"post-1054","1":"product","2":"type-product","3":"status-publish","4":"has-post-thumbnail","6":"product_cat-suspension","7":"product_tag-ce","8":"product_tag-eac","9":"product_tag-etl","11":"first","12":"instock","13":"shipping-taxable","14":"product-type-variable"},"acf":[],"yoast_head":"<!-- This site is optimized with the Yoast SEO plugin v27.4 - https:\/\/yoast.com\/product\/yoast-seo-wordpress\/ -->\n<title>Lann\u00e0 suspension - KDLN | Lampade di Design e illuminazione<\/title>\n<meta name=\"robots\" content=\"index, follow, max-snippet:-1, max-image-preview:large, max-video-preview:-1\" \/>\n<link rel=\"canonical\" href=\"https:\/\/kdln.it\/en\/product\/lanna-suspension\/\" \/>\n<meta property=\"og:locale\" content=\"en_US\" \/>\n<meta property=\"og:type\" content=\"article\" \/>\n<meta property=\"og:title\" content=\"Lann\u00e0 suspension - KDLN | Lampade di Design e illuminazione\" \/>\n<meta property=\"og:description\" content=\"Lampe \u00e0 suspension. Diffuseur en verre opalin souffl\u00e9 double couche. Structure en m\u00e9tal verni.\" \/>\n<meta property=\"og:url\" content=\"https:\/\/kdln.it\/en\/product\/lanna-suspension\/\" \/>\n<meta property=\"og:site_name\" content=\"KDLN | Lampade di Design e illuminazione\" \/>\n<meta name=\"twitter:card\" content=\"summary_large_image\" \/>\n<meta name=\"twitter:label1\" content=\"Est. reading time\" \/>\n\t<meta name=\"twitter:data1\" content=\"1 minute\" \/>\n<script type=\"application\/ld+json\" class=\"yoast-schema-graph\">{\"@context\":\"https:\\\/\\\/schema.org\",\"@graph\":[{\"@type\":\"WebPage\",\"@id\":\"https:\\\/\\\/kdln.it\\\/en\\\/product\\\/lanna-suspension\\\/\",\"url\":\"https:\\\/\\\/kdln.it\\\/en\\\/product\\\/lanna-suspension\\\/\",\"name\":\"Lann\u00e0 suspension - KDLN | Lampade di Design e illuminazione\",\"isPartOf\":{\"@id\":\"https:\\\/\\\/kdln.it\\\/en\\\/#website\"},\"primaryImageOfPage\":{\"@id\":\"https:\\\/\\\/kdln.it\\\/en\\\/product\\\/lanna-suspension\\\/#primaryimage\"},\"image\":{\"@id\":\"https:\\\/\\\/kdln.it\\\/en\\\/product\\\/lanna-suspension\\\/#primaryimage\"},\"thumbnailUrl\":\"https:\\\/\\\/kdln.it\\\/wp-content\\\/uploads\\\/2026\\\/03\\\/kdln-lanna-suspension-preview-en.jpg\",\"datePublished\":\"2019-03-11T15:34:03+00:00\",\"breadcrumb\":{\"@id\":\"https:\\\/\\\/kdln.it\\\/en\\\/product\\\/lanna-suspension\\\/#breadcrumb\"},\"inLanguage\":\"en-US\",\"potentialAction\":[{\"@type\":\"ReadAction\",\"target\":[\"https:\\\/\\\/kdln.it\\\/en\\\/product\\\/lanna-suspension\\\/\"]}]},{\"@type\":\"ImageObject\",\"inLanguage\":\"en-US\",\"@id\":\"https:\\\/\\\/kdln.it\\\/en\\\/product\\\/lanna-suspension\\\/#primaryimage\",\"url\":\"https:\\\/\\\/kdln.it\\\/wp-content\\\/uploads\\\/2026\\\/03\\\/kdln-lanna-suspension-preview-en.jpg\",\"contentUrl\":\"https:\\\/\\\/kdln.it\\\/wp-content\\\/uploads\\\/2026\\\/03\\\/kdln-lanna-suspension-preview-en.jpg\",\"width\":900,\"height\":1200,\"caption\":\"Lann\u00e0 suspension - Preview\"},{\"@type\":\"BreadcrumbList\",\"@id\":\"https:\\\/\\\/kdln.it\\\/en\\\/product\\\/lanna-suspension\\\/#breadcrumb\",\"itemListElement\":[{\"@type\":\"ListItem\",\"position\":1,\"name\":\"Home\",\"item\":\"https:\\\/\\\/kdln.it\\\/en\\\/\"},{\"@type\":\"ListItem\",\"position\":2,\"name\":\"Products\",\"item\":\"https:\\\/\\\/kdln.it\\\/en\\\/shop\\\/\"},{\"@type\":\"ListItem\",\"position\":3,\"name\":\"Lann\u00e0 suspension\"}]},{\"@type\":\"WebSite\",\"@id\":\"https:\\\/\\\/kdln.it\\\/en\\\/#website\",\"url\":\"https:\\\/\\\/kdln.it\\\/en\\\/\",\"name\":\"KDLN | Lampade di Design e illuminazione\",\"description\":\"\",\"publisher\":{\"@id\":\"https:\\\/\\\/kdln.it\\\/en\\\/#organization\"},\"potentialAction\":[{\"@type\":\"SearchAction\",\"target\":{\"@type\":\"EntryPoint\",\"urlTemplate\":\"https:\\\/\\\/kdln.it\\\/en\\\/?s={search_term_string}\"},\"query-input\":{\"@type\":\"PropertyValueSpecification\",\"valueRequired\":true,\"valueName\":\"search_term_string\"}}],\"inLanguage\":\"en-US\"},{\"@type\":\"Organization\",\"@id\":\"https:\\\/\\\/kdln.it\\\/en\\\/#organization\",\"name\":\"KDLN | Lampade di Design e illuminazione\",\"url\":\"https:\\\/\\\/kdln.it\\\/en\\\/\",\"logo\":{\"@type\":\"ImageObject\",\"inLanguage\":\"en-US\",\"@id\":\"https:\\\/\\\/kdln.it\\\/en\\\/#\\\/schema\\\/logo\\\/image\\\/\",\"url\":\"https:\\\/\\\/kdln.it\\\/wp-content\\\/uploads\\\/2026\\\/03\\\/logo_kdln.svg\",\"contentUrl\":\"https:\\\/\\\/kdln.it\\\/wp-content\\\/uploads\\\/2026\\\/03\\\/logo_kdln.svg\",\"width\":252,\"height\":96,\"caption\":\"KDLN | Lampade di Design e illuminazione\"},\"image\":{\"@id\":\"https:\\\/\\\/kdln.it\\\/en\\\/#\\\/schema\\\/logo\\\/image\\\/\"}}]}<\/script>\n<!-- \/ Yoast SEO plugin. -->","yoast_head_json":{"title":"Lann\u00e0 suspension - KDLN | Lampade di Design e illuminazione","robots":{"index":"index","follow":"follow","max-snippet":"max-snippet:-1","max-image-preview":"max-image-preview:large","max-video-preview":"max-video-preview:-1"},"canonical":"https:\/\/kdln.it\/en\/product\/lanna-suspension\/","og_locale":"en_US","og_type":"article","og_title":"Lann\u00e0 suspension - KDLN | Lampade di Design e illuminazione","og_description":"Lampe \u00e0 suspension. Diffuseur en verre opalin souffl\u00e9 double couche. Structure en m\u00e9tal verni.","og_url":"https:\/\/kdln.it\/en\/product\/lanna-suspension\/","og_site_name":"KDLN | Lampade di Design e illuminazione","twitter_card":"summary_large_image","twitter_misc":{"Est. reading time":"1 minute"},"schema":{"@context":"https:\/\/schema.org","@graph":[{"@type":"WebPage","@id":"https:\/\/kdln.it\/en\/product\/lanna-suspension\/","url":"https:\/\/kdln.it\/en\/product\/lanna-suspension\/","name":"Lann\u00e0 suspension - KDLN | Lampade di Design e illuminazione","isPartOf":{"@id":"https:\/\/kdln.it\/en\/#website"},"primaryImageOfPage":{"@id":"https:\/\/kdln.it\/en\/product\/lanna-suspension\/#primaryimage"},"image":{"@id":"https:\/\/kdln.it\/en\/product\/lanna-suspension\/#primaryimage"},"thumbnailUrl":"https:\/\/kdln.it\/wp-content\/uploads\/2026\/03\/kdln-lanna-suspension-preview-en.jpg","datePublished":"2019-03-11T15:34:03+00:00","breadcrumb":{"@id":"https:\/\/kdln.it\/en\/product\/lanna-suspension\/#breadcrumb"},"inLanguage":"en-US","potentialAction":[{"@type":"ReadAction","target":["https:\/\/kdln.it\/en\/product\/lanna-suspension\/"]}]},{"@type":"ImageObject","inLanguage":"en-US","@id":"https:\/\/kdln.it\/en\/product\/lanna-suspension\/#primaryimage","url":"https:\/\/kdln.it\/wp-content\/uploads\/2026\/03\/kdln-lanna-suspension-preview-en.jpg","contentUrl":"https:\/\/kdln.it\/wp-content\/uploads\/2026\/03\/kdln-lanna-suspension-preview-en.jpg","width":900,"height":1200,"caption":"Lann\u00e0 suspension - Preview"},{"@type":"BreadcrumbList","@id":"https:\/\/kdln.it\/en\/product\/lanna-suspension\/#breadcrumb","itemListElement":[{"@type":"ListItem","position":1,"name":"Home","item":"https:\/\/kdln.it\/en\/"},{"@type":"ListItem","position":2,"name":"Products","item":"https:\/\/kdln.it\/en\/shop\/"},{"@type":"ListItem","position":3,"name":"Lann\u00e0 suspension"}]},{"@type":"WebSite","@id":"https:\/\/kdln.it\/en\/#website","url":"https:\/\/kdln.it\/en\/","name":"KDLN | Lampade di Design e illuminazione","description":"","publisher":{"@id":"https:\/\/kdln.it\/en\/#organization"},"potentialAction":[{"@type":"SearchAction","target":{"@type":"EntryPoint","urlTemplate":"https:\/\/kdln.it\/en\/?s={search_term_string}"},"query-input":{"@type":"PropertyValueSpecification","valueRequired":true,"valueName":"search_term_string"}}],"inLanguage":"en-US"},{"@type":"Organization","@id":"https:\/\/kdln.it\/en\/#organization","name":"KDLN | Lampade di Design e illuminazione","url":"https:\/\/kdln.it\/en\/","logo":{"@type":"ImageObject","inLanguage":"en-US","@id":"https:\/\/kdln.it\/en\/#\/schema\/logo\/image\/","url":"https:\/\/kdln.it\/wp-content\/uploads\/2026\/03\/logo_kdln.svg","contentUrl":"https:\/\/kdln.it\/wp-content\/uploads\/2026\/03\/logo_kdln.svg","width":252,"height":96,"caption":"KDLN | Lampade di Design e illuminazione"},"image":{"@id":"https:\/\/kdln.it\/en\/#\/schema\/logo\/image\/"}}]}},"_links":{"self":[{"href":"https:\/\/kdln.it\/en\/wp-json\/wp\/v2\/product\/1054","targetHints":{"allow":["GET"]}}],"collection":[{"href":"https:\/\/kdln.it\/en\/wp-json\/wp\/v2\/product"}],"about":[{"href":"https:\/\/kdln.it\/en\/wp-json\/wp\/v2\/types\/product"}],"replies":[{"embeddable":true,"href":"https:\/\/kdln.it\/en\/wp-json\/wp\/v2\/comments?post=1054"}],"wp:featuredmedia":[{"embeddable":true,"href":"https:\/\/kdln.it\/en\/wp-json\/wp\/v2\/media\/163464"}],"wp:attachment":[{"href":"https:\/\/kdln.it\/en\/wp-json\/wp\/v2\/media?parent=1054"}],"wp:term":[{"taxonomy":"product_brand","embeddable":true,"href":"https:\/\/kdln.it\/en\/wp-json\/wp\/v2\/product_brand?post=1054"},{"taxonomy":"product_cat","embeddable":true,"href":"https:\/\/kdln.it\/en\/wp-json\/wp\/v2\/product_cat?post=1054"},{"taxonomy":"product_tag","embeddable":true,"href":"https:\/\/kdln.it\/en\/wp-json\/wp\/v2\/product_tag?post=1054"}],"curies":[{"name":"wp","href":"https:\/\/api.w.org\/{rel}","templated":true}]}}