{"id":3360,"date":"2019-03-10T10:07:28","date_gmt":"2019-02-27T09:07:28","guid":{"rendered":"http:\/\/www.kundalini.it\/prodotto\/hive\/"},"modified":"2025-05-06T10:42:18","modified_gmt":"2025-05-06T08:42:18","slug":"hive","status":"publish","type":"product","link":"https:\/\/kdln.it\/es\/prodotto\/hive\/","title":{"rendered":"Hive"},"content":{"rendered":"<p>L\u00e1mpara de mesa. Difusor de vidrio \u00f3palo enfundado y soplado. Cuerpo de cer\u00e1mica esmaltada y decorada con la t\u00e9cnica de \u201ctercer fuego\u201d.<\/p>\n","protected":false},"excerpt":{"rendered":"<p>L\u00e1mpara de mesa. Difusor de vidrio \u00f3palo enfundado y soplado. Cuerpo de cer\u00e1mica esmaltada y decorada con la t\u00e9cnica de \u201ctercer fuego\u201d. [&#8230;]<\/p>\n<p><a class=\"btn btn-secondary understrap-read-more-link\" href=\"https:\/\/kdln.it\/es\/prodotto\/hive\/\">Leer m\u00e1s&#8230;<\/a><\/p>\n","protected":false},"featured_media":51573,"template":"","meta":[],"product_brand":[],"product_cat":[462],"product_tag":[1528,1529,1530],"class_list":{"0":"post-3360","1":"product","2":"type-product","3":"status-publish","4":"has-post-thumbnail","6":"product_cat-mesa","7":"product_tag-ce-es","8":"product_tag-eac-es","9":"product_tag-etl-es","11":"first","12":"instock","13":"shipping-taxable","14":"product-type-variable"},"_links":{"self":[{"href":"https:\/\/kdln.it\/es\/wp-json\/wp\/v2\/product\/3360","targetHints":{"allow":["GET"]}}],"collection":[{"href":"https:\/\/kdln.it\/es\/wp-json\/wp\/v2\/product"}],"about":[{"href":"https:\/\/kdln.it\/es\/wp-json\/wp\/v2\/types\/product"}],"wp:featuredmedia":[{"embeddable":true,"href":"https:\/\/kdln.it\/es\/wp-json\/wp\/v2\/media\/51573"}],"wp:attachment":[{"href":"https:\/\/kdln.it\/es\/wp-json\/wp\/v2\/media?parent=3360"}],"wp:term":[{"taxonomy":"product_brand","embeddable":true,"href":"https:\/\/kdln.it\/es\/wp-json\/wp\/v2\/product_brand?post=3360"},{"taxonomy":"product_cat","embeddable":true,"href":"https:\/\/kdln.it\/es\/wp-json\/wp\/v2\/product_cat?post=3360"},{"taxonomy":"product_tag","embeddable":true,"href":"https:\/\/kdln.it\/es\/wp-json\/wp\/v2\/product_tag?post=3360"}],"curies":[{"name":"wp","href":"https:\/\/api.w.org\/{rel}","templated":true}]}}