{"id":2929,"date":"2019-03-10T10:07:28","date_gmt":"2019-02-27T09:07:28","guid":{"rendered":"http:\/\/www.kundalini.it\/prodotto\/hive\/"},"modified":"2025-05-06T10:40:43","modified_gmt":"2025-05-06T08:40:43","slug":"hive","status":"publish","type":"product","link":"https:\/\/kdln.it\/fr\/prodotto\/hive\/","title":{"rendered":"Hive"},"content":{"rendered":"<p>Lampe de table. Diffuseur en verre opalin souffl\u00e9 double couche. Corps en c\u00e9ramique \u00e9maill\u00e9e et d\u00e9cor\u00e9e avec la technique de \u201cpetit feu\u201d.<\/p>\n","protected":false},"excerpt":{"rendered":"<p>Lampe de table. Diffuseur en verre opalin souffl\u00e9 double couche. Corps en c\u00e9ramique \u00e9maill\u00e9e et d\u00e9cor\u00e9e avec la technique de \u201cpetit feu\u201d. [&#8230;]<\/p>\n<p><a class=\"btn btn-secondary understrap-read-more-link\" href=\"https:\/\/kdln.it\/fr\/prodotto\/hive\/\">Lire la suite\u2026<\/a><\/p>\n","protected":false},"featured_media":51571,"template":"","meta":[],"product_brand":[],"product_cat":[355],"product_tag":[1522,1523,1524],"class_list":{"0":"post-2929","1":"product","2":"type-product","3":"status-publish","4":"has-post-thumbnail","6":"product_cat-table-fr","7":"product_tag-ce-fr","8":"product_tag-eac-fr","9":"product_tag-etl-fr","11":"first","12":"instock","13":"shipping-taxable","14":"product-type-variable"},"_links":{"self":[{"href":"https:\/\/kdln.it\/fr\/wp-json\/wp\/v2\/product\/2929","targetHints":{"allow":["GET"]}}],"collection":[{"href":"https:\/\/kdln.it\/fr\/wp-json\/wp\/v2\/product"}],"about":[{"href":"https:\/\/kdln.it\/fr\/wp-json\/wp\/v2\/types\/product"}],"wp:featuredmedia":[{"embeddable":true,"href":"https:\/\/kdln.it\/fr\/wp-json\/wp\/v2\/media\/51571"}],"wp:attachment":[{"href":"https:\/\/kdln.it\/fr\/wp-json\/wp\/v2\/media?parent=2929"}],"wp:term":[{"taxonomy":"product_brand","embeddable":true,"href":"https:\/\/kdln.it\/fr\/wp-json\/wp\/v2\/product_brand?post=2929"},{"taxonomy":"product_cat","embeddable":true,"href":"https:\/\/kdln.it\/fr\/wp-json\/wp\/v2\/product_cat?post=2929"},{"taxonomy":"product_tag","embeddable":true,"href":"https:\/\/kdln.it\/fr\/wp-json\/wp\/v2\/product_tag?post=2929"}],"curies":[{"name":"wp","href":"https:\/\/api.w.org\/{rel}","templated":true}]}}