{"id":2974,"date":"2019-03-04T16:36:47","date_gmt":"2019-03-04T15:36:47","guid":{"rendered":"http:\/\/www.kundalini.it\/prodotto\/nami\/"},"modified":"2026-01-27T14:19:32","modified_gmt":"2026-01-27T13:19:32","slug":"nami","status":"publish","type":"product","link":"https:\/\/kdln.it\/fr\/prodotto\/nami\/","title":{"rendered":"Nami"},"content":{"rendered":"<p>Lampe \u00e0 suspension avec diffuseur en verre textur\u00e9 et courb\u00e9. Structure en m\u00e9tal verni.<\/p>\n","protected":false},"excerpt":{"rendered":"<p>Lampe \u00e0 suspension avec diffuseur en verre textur\u00e9 et courb\u00e9. Structure en m\u00e9tal verni. [&#8230;]<\/p>\n<p><a class=\"btn btn-secondary understrap-read-more-link\" href=\"https:\/\/kdln.it\/fr\/prodotto\/nami\/\">Lire la suite\u2026<\/a><\/p>\n","protected":false},"featured_media":51224,"template":"","meta":[],"product_brand":[],"product_cat":[357],"product_tag":[1522,1523,1524],"class_list":{"0":"post-2974","1":"product","2":"type-product","3":"status-publish","4":"has-post-thumbnail","6":"product_cat-suspension-fr","7":"product_tag-ce-fr","8":"product_tag-eac-fr","9":"product_tag-etl-fr","11":"first","12":"instock","13":"shipping-taxable","14":"product-type-variable"},"_links":{"self":[{"href":"https:\/\/kdln.it\/fr\/wp-json\/wp\/v2\/product\/2974","targetHints":{"allow":["GET"]}}],"collection":[{"href":"https:\/\/kdln.it\/fr\/wp-json\/wp\/v2\/product"}],"about":[{"href":"https:\/\/kdln.it\/fr\/wp-json\/wp\/v2\/types\/product"}],"wp:featuredmedia":[{"embeddable":true,"href":"https:\/\/kdln.it\/fr\/wp-json\/wp\/v2\/media\/51224"}],"wp:attachment":[{"href":"https:\/\/kdln.it\/fr\/wp-json\/wp\/v2\/media?parent=2974"}],"wp:term":[{"taxonomy":"product_brand","embeddable":true,"href":"https:\/\/kdln.it\/fr\/wp-json\/wp\/v2\/product_brand?post=2974"},{"taxonomy":"product_cat","embeddable":true,"href":"https:\/\/kdln.it\/fr\/wp-json\/wp\/v2\/product_cat?post=2974"},{"taxonomy":"product_tag","embeddable":true,"href":"https:\/\/kdln.it\/fr\/wp-json\/wp\/v2\/product_tag?post=2974"}],"curies":[{"name":"wp","href":"https:\/\/api.w.org\/{rel}","templated":true}]}}