{"id":86557,"date":"2024-03-21T18:31:20","date_gmt":"2024-03-21T17:31:20","guid":{"rendered":"https:\/\/kdln.it\/?post_type=product&#038;p=86557"},"modified":"2026-01-27T14:34:50","modified_gmt":"2026-01-27T13:34:50","slug":"bird-ceiling","status":"publish","type":"product","link":"https:\/\/kdln.it\/fr\/prodotto\/bird-ceiling\/","title":{"rendered":"Bird Ceiling"},"content":{"rendered":"<p>Plafonnier. T\u00eate en aluminium moul\u00e9 peint. Structure en m\u00e9tal peint. Quatre longueurs diff\u00e9rentes de tige disponibles.<\/p>\n","protected":false},"excerpt":{"rendered":"<p>Plafonnier. T\u00eate en aluminium moul\u00e9 peint. Structure en m\u00e9tal peint. Quatre longueurs diff\u00e9rentes de tige disponibles. [&#8230;]<\/p>\n<p><a class=\"btn btn-secondary understrap-read-more-link\" href=\"https:\/\/kdln.it\/fr\/prodotto\/bird-ceiling\/\">Lire la suite\u2026<\/a><\/p>\n","protected":false},"featured_media":116955,"template":"","meta":[],"product_brand":[],"product_cat":[357],"product_tag":[1522,1523],"class_list":{"0":"post-86557","1":"product","2":"type-product","3":"status-publish","4":"has-post-thumbnail","6":"product_cat-suspension-fr","7":"product_tag-ce-fr","8":"product_tag-eac-fr","10":"first","11":"instock","12":"shipping-taxable","13":"product-type-variable"},"_links":{"self":[{"href":"https:\/\/kdln.it\/fr\/wp-json\/wp\/v2\/product\/86557","targetHints":{"allow":["GET"]}}],"collection":[{"href":"https:\/\/kdln.it\/fr\/wp-json\/wp\/v2\/product"}],"about":[{"href":"https:\/\/kdln.it\/fr\/wp-json\/wp\/v2\/types\/product"}],"wp:featuredmedia":[{"embeddable":true,"href":"https:\/\/kdln.it\/fr\/wp-json\/wp\/v2\/media\/116955"}],"wp:attachment":[{"href":"https:\/\/kdln.it\/fr\/wp-json\/wp\/v2\/media?parent=86557"}],"wp:term":[{"taxonomy":"product_brand","embeddable":true,"href":"https:\/\/kdln.it\/fr\/wp-json\/wp\/v2\/product_brand?post=86557"},{"taxonomy":"product_cat","embeddable":true,"href":"https:\/\/kdln.it\/fr\/wp-json\/wp\/v2\/product_cat?post=86557"},{"taxonomy":"product_tag","embeddable":true,"href":"https:\/\/kdln.it\/fr\/wp-json\/wp\/v2\/product_tag?post=86557"}],"curies":[{"name":"wp","href":"https:\/\/api.w.org\/{rel}","templated":true}]}}