{"id":89839,"date":"2019-02-28T09:53:35","date_gmt":"2019-02-28T08:53:35","guid":{"rendered":"https:\/\/kdln.it\/prodotto\/giass\/"},"modified":"2026-01-27T14:09:51","modified_gmt":"2026-01-27T13:09:51","slug":"giass","status":"publish","type":"product","link":"https:\/\/kdln.it\/fr\/prodotto\/giass\/","title":{"rendered":"Giass"},"content":{"rendered":"<p>Plafonnier avec diffuseur en verre souffl\u00e9 opalin ou color\u00e9, disponible en quatre dimensions diff\u00e9rentes. Structure en m\u00e9tal verni, \u00e9cran en polycarbonate givr\u00e9.<\/p>\n","protected":false},"excerpt":{"rendered":"<p>Plafonnier avec diffuseur en verre souffl\u00e9 opalin ou color\u00e9, disponible en quatre dimensions diff\u00e9rentes. Structure en m\u00e9tal verni, \u00e9cran en polycarbonate givr\u00e9. [&#8230;]<\/p>\n<p><a class=\"btn btn-secondary understrap-read-more-link\" href=\"https:\/\/kdln.it\/fr\/prodotto\/giass\/\">Lire la suite\u2026<\/a><\/p>\n","protected":false},"featured_media":51266,"template":"","meta":[],"product_brand":[],"product_cat":[357],"product_tag":[1522,1523,1524],"class_list":{"0":"post-89839","1":"product","2":"type-product","3":"status-publish","4":"has-post-thumbnail","6":"product_cat-suspension-fr","7":"product_tag-ce-fr","8":"product_tag-eac-fr","9":"product_tag-etl-fr","11":"first","12":"instock","13":"shipping-taxable","14":"product-type-variable"},"_links":{"self":[{"href":"https:\/\/kdln.it\/fr\/wp-json\/wp\/v2\/product\/89839","targetHints":{"allow":["GET"]}}],"collection":[{"href":"https:\/\/kdln.it\/fr\/wp-json\/wp\/v2\/product"}],"about":[{"href":"https:\/\/kdln.it\/fr\/wp-json\/wp\/v2\/types\/product"}],"wp:featuredmedia":[{"embeddable":true,"href":"https:\/\/kdln.it\/fr\/wp-json\/wp\/v2\/media\/51266"}],"wp:attachment":[{"href":"https:\/\/kdln.it\/fr\/wp-json\/wp\/v2\/media?parent=89839"}],"wp:term":[{"taxonomy":"product_brand","embeddable":true,"href":"https:\/\/kdln.it\/fr\/wp-json\/wp\/v2\/product_brand?post=89839"},{"taxonomy":"product_cat","embeddable":true,"href":"https:\/\/kdln.it\/fr\/wp-json\/wp\/v2\/product_cat?post=89839"},{"taxonomy":"product_tag","embeddable":true,"href":"https:\/\/kdln.it\/fr\/wp-json\/wp\/v2\/product_tag?post=89839"}],"curies":[{"name":"wp","href":"https:\/\/api.w.org\/{rel}","templated":true}]}}